{"id":2861,"date":"2021-07-08T23:01:46","date_gmt":"2021-07-09T02:01:46","guid":{"rendered":"https:\/\/isfd50-bue.infd.edu.ar\/sitio\/?page_id=2861"},"modified":"2022-04-27T22:19:07","modified_gmt":"2022-04-28T01:19:07","slug":"ayudantia-de-catedra","status":"publish","type":"page","link":"https:\/\/isfd50-bue.infd.edu.ar\/sitio\/ayudantia-de-catedra\/","title":{"rendered":"Ayudant\u00eda de c\u00e1tedra"},"content":{"rendered":"<h1 style=\"text-align: center;\"><span style=\"color: #0000ff;\"><strong><span style=\"text-decoration: underline;\">Normativa de ayudant\u00eda de c\u00e1tedra<\/span><\/strong><\/span><\/h1>\n<ul>\n<li style=\"text-align: left;\">\n<h2><a href=\"https:\/\/isfd50-bue.infd.edu.ar\/sitio\/wp-content\/uploads\/2021\/07\/resolucion3121-PRESENTACION-PROYECTOS-DE-CATEDRA.pdf\" target=\"_blank\" rel=\"noopener\"><span style=\"color: #000000;\">Resoluci\u00f3n 3121 &#8211; Presentaci\u00f3n de Proyectos de C\u00e1tedra<\/span><\/a><\/h2>\n<\/li>\n<li>\n<h2><span style=\"color: #000000;\"><a style=\"color: #000000;\" href=\"https:\/\/isfd50-bue.infd.edu.ar\/sitio\/wp-content\/uploads\/2021\/07\/resolucion_nro3121ayudantedecatedra.pdf\" target=\"_blank\" rel=\"noopener\">Resoluci\u00f3n 3121 &#8211; Ayudante de c\u00e1tedra<\/a><\/span><\/h2>\n<\/li>\n<li>\n<h2><span style=\"color: #000000;\"><a style=\"color: #000000;\" href=\"https:\/\/isfd50-bue.infd.edu.ar\/sitio\/wp-content\/uploads\/2021\/07\/ampl_res3121_04_r_4543_05_ayud_cat.pdf\" target=\"_blank\" rel=\"noopener\">Ampliatoria Resoluci\u00f3n 3121_04_r_4543_05 &#8211; Ayudante de c\u00e1tedra<\/a><\/span><\/h2>\n<\/li>\n<\/ul>\n","protected":false},"excerpt":{"rendered":"<p>Normativa de ayudant\u00eda de c\u00e1tedra Resoluci\u00f3n 3121 &#8211; Presentaci\u00f3n de Proyectos de C\u00e1tedra Resoluci\u00f3n 3121 &#8211; Ayudante de c\u00e1tedra Ampliatoria Resoluci\u00f3n 3121_04_r_4543_05 &#8211; Ayudante de c\u00e1tedra<\/p>\n","protected":false},"author":70,"featured_media":0,"parent":0,"menu_order":0,"comment_status":"closed","ping_status":"closed","template":"","meta":[],"acf":[],"_links":{"self":[{"href":"https:\/\/isfd50-bue.infd.edu.ar\/sitio\/wp-json\/wp\/v2\/pages\/2861"}],"collection":[{"href":"https:\/\/isfd50-bue.infd.edu.ar\/sitio\/wp-json\/wp\/v2\/pages"}],"about":[{"href":"https:\/\/isfd50-bue.infd.edu.ar\/sitio\/wp-json\/wp\/v2\/types\/page"}],"author":[{"embeddable":true,"href":"https:\/\/isfd50-bue.infd.edu.ar\/sitio\/wp-json\/wp\/v2\/users\/70"}],"replies":[{"embeddable":true,"href":"https:\/\/isfd50-bue.infd.edu.ar\/sitio\/wp-json\/wp\/v2\/comments?post=2861"}],"version-history":[{"count":3,"href":"https:\/\/isfd50-bue.infd.edu.ar\/sitio\/wp-json\/wp\/v2\/pages\/2861\/revisions"}],"predecessor-version":[{"id":3173,"href":"https:\/\/isfd50-bue.infd.edu.ar\/sitio\/wp-json\/wp\/v2\/pages\/2861\/revisions\/3173"}],"wp:attachment":[{"href":"https:\/\/isfd50-bue.infd.edu.ar\/sitio\/wp-json\/wp\/v2\/media?parent=2861"}],"curies":[{"name":"wp","href":"https:\/\/api.w.org\/{rel}","templated":true}]}}