{"id":880,"date":"2018-06-28T16:47:02","date_gmt":"2018-06-28T19:47:02","guid":{"rendered":"https:\/\/isfd50-bue.infd.edu.ar\/sitio\/profesorado-de-educacion-secundaria-en-lengua-y-literatura\/"},"modified":"2020-06-23T22:09:05","modified_gmt":"2020-06-24T01:09:05","slug":"profesorado-de-educacion-secundaria-en-lengua-y-literatura","status":"publish","type":"page","link":"https:\/\/isfd50-bue.infd.edu.ar\/sitio\/profesorado-de-educacion-secundaria-en-lengua-y-literatura\/","title":{"rendered":"Profesorado de Educaci\u00f3n Secundaria en Lengua y Literatura"},"content":{"rendered":"<p style=\"text-align: center;\"><a href=\"https:\/\/isfd50-bue.infd.edu.ar\/sitio\/wp-content\/uploads\/2020\/01\/Lengua.png\"><img decoding=\"async\" loading=\"lazy\" class=\"alignnone size-medium wp-image-1878\" src=\"https:\/\/isfd50-bue.infd.edu.ar\/sitio\/wp-content\/uploads\/2020\/01\/Lengua-1000x324.png\" alt=\"\" width=\"1000\" height=\"324\" srcset=\"https:\/\/isfd50-bue.infd.edu.ar\/sitio\/wp-content\/uploads\/2020\/01\/Lengua-1000x324.png 1000w, https:\/\/isfd50-bue.infd.edu.ar\/sitio\/wp-content\/uploads\/2020\/01\/Lengua-768x248.png 768w, https:\/\/isfd50-bue.infd.edu.ar\/sitio\/wp-content\/uploads\/2020\/01\/Lengua-1900x615.png 1900w, https:\/\/isfd50-bue.infd.edu.ar\/sitio\/wp-content\/uploads\/2020\/01\/Lengua.png 2000w\" sizes=\"(max-width: 1000px) 100vw, 1000px\" \/><\/a><\/p>\n<p style=\"text-align: center;\"><span style=\"font-size: 12pt; color: #0000ff;\"><strong><span style=\"font-family: Arial;\">Aprobado por Resoluci\u00f3n N\u00ba 1862\/17 de la Direcci\u00f3n General de Cultura y Educaci\u00f3n de la Provincia de Buenos Aires, esta carrera tiene una duraci\u00f3n de 4 a\u00f1os.<\/span><\/strong><\/span><\/p>\n<h3 style=\"text-align: center;\"><strong><span style=\"font-size: 11pt; font-family: Arial; color: #0000ff;\"><span style=\"text-decoration: underline;\">Jefe de \u00e1rea<\/span>: Prof. Natalia Garola Hansen<\/span><\/strong><\/h3>\n<p>&nbsp;<\/p>\n<p style=\"text-align: center;\"><span style=\"color: #000000;\"><strong><span style=\"color: #000000; font-family: Arial; font-size: 11pt;\">Se cursa de lunes a viernes en el:<\/span><\/strong><\/span><\/p>\n<p style=\"text-align: center;\"><span style=\"color: #000000;\"><strong>TURNO TARDE: de 12:45 a 17:45 hs<\/strong><\/span><\/p>\n<p style=\"text-align: center;\"><span style=\"color: #000000;\"><strong>TURNO NOCHE: de 17:45 a 22:15 hs<\/strong><\/span><\/p>\n<h3 style=\"text-align: center;\"><strong><a href=\"https:\/\/isfd50-bue.infd.edu.ar\/sitio\/wp-content\/uploads\/sitio\/5802_1806760_17_lengua_y_literatura.pdf\" target=\"_blank\" rel=\"noopener\">Resoluci\u00f3n que aprueba el nuevo dise\u00f1o curricular<\/a><\/strong><\/h3>\n<h3 style=\"text-align: center;\"><a href=\"https:\/\/isfd50-bue.infd.edu.ar\/sitio\/wp-content\/uploads\/sitio\/Disen_o_del_Prof._de_Lengua_y_Literatura_2018.pdf\" target=\"_blank\" rel=\"noopener\"><span style=\"color: #0000ff;\">Dise\u00f1o Curricular del Profesorado de Lengua y Literatura<\/span><\/a><\/h3>\n<p>&nbsp;<\/p>\n<p>&nbsp;<\/p>\n","protected":false},"excerpt":{"rendered":"<p>Aprobado por Resoluci\u00f3n N\u00ba 1862\/17 de la Direcci\u00f3n General de Cultura y Educaci\u00f3n de la Provincia de Buenos Aires, esta carrera tiene una duraci\u00f3n de 4 a\u00f1os. Jefe de \u00e1rea: Prof. Natalia Garola Hansen &nbsp; Se cursa de lunes a viernes en el: TURNO TARDE: de 12:45 a 17:45 hs TURNO NOCHE: de 17:45 a &#8230; <a title=\"Profesorado de Educaci\u00f3n Secundaria en Lengua y Literatura\" class=\"read-more\" href=\"https:\/\/isfd50-bue.infd.edu.ar\/sitio\/profesorado-de-educacion-secundaria-en-lengua-y-literatura\/\" aria-label=\"More on Profesorado de Educaci\u00f3n Secundaria en Lengua y Literatura\">[+]<\/a><\/p>\n","protected":false},"author":70,"featured_media":0,"parent":0,"menu_order":0,"comment_status":"closed","ping_status":"closed","template":"","meta":[],"acf":[],"_links":{"self":[{"href":"https:\/\/isfd50-bue.infd.edu.ar\/sitio\/wp-json\/wp\/v2\/pages\/880"}],"collection":[{"href":"https:\/\/isfd50-bue.infd.edu.ar\/sitio\/wp-json\/wp\/v2\/pages"}],"about":[{"href":"https:\/\/isfd50-bue.infd.edu.ar\/sitio\/wp-json\/wp\/v2\/types\/page"}],"author":[{"embeddable":true,"href":"https:\/\/isfd50-bue.infd.edu.ar\/sitio\/wp-json\/wp\/v2\/users\/70"}],"replies":[{"embeddable":true,"href":"https:\/\/isfd50-bue.infd.edu.ar\/sitio\/wp-json\/wp\/v2\/comments?post=880"}],"version-history":[{"count":14,"href":"https:\/\/isfd50-bue.infd.edu.ar\/sitio\/wp-json\/wp\/v2\/pages\/880\/revisions"}],"predecessor-version":[{"id":2318,"href":"https:\/\/isfd50-bue.infd.edu.ar\/sitio\/wp-json\/wp\/v2\/pages\/880\/revisions\/2318"}],"wp:attachment":[{"href":"https:\/\/isfd50-bue.infd.edu.ar\/sitio\/wp-json\/wp\/v2\/media?parent=880"}],"curies":[{"name":"wp","href":"https:\/\/api.w.org\/{rel}","templated":true}]}}