{"id":882,"date":"2018-06-28T16:47:02","date_gmt":"2018-06-28T19:47:02","guid":{"rendered":"https:\/\/isfd50-bue.infd.edu.ar\/sitio\/profesorado-de-educacion-inicial\/"},"modified":"2020-01-10T18:35:55","modified_gmt":"2020-01-10T21:35:55","slug":"profesorado-de-educacion-inicial","status":"publish","type":"page","link":"https:\/\/isfd50-bue.infd.edu.ar\/sitio\/profesorado-de-educacion-inicial\/","title":{"rendered":"Profesorado de Educaci\u00f3n Inicial"},"content":{"rendered":"<p style=\"text-align: center;\"><span style=\"font-size: 11pt; font-family: Arial; mso-bidi-font-size: 10.0pt; mso-fareast-font-family: 'Times New Roman'; mso-bidi-font-family: 'Times New Roman'; mso-ansi-language: ES; mso-fareast-language: ES; mso-bidi-language: AR-SA;\">\u00a0<a href=\"https:\/\/isfd50-bue.infd.edu.ar\/sitio\/wp-content\/uploads\/2020\/01\/Inicial.png\"><img decoding=\"async\" loading=\"lazy\" class=\"alignnone size-medium wp-image-1872\" src=\"https:\/\/isfd50-bue.infd.edu.ar\/sitio\/wp-content\/uploads\/2020\/01\/Inicial-1000x324.png\" alt=\"\" width=\"1000\" height=\"324\" srcset=\"https:\/\/isfd50-bue.infd.edu.ar\/sitio\/wp-content\/uploads\/2020\/01\/Inicial-1000x324.png 1000w, https:\/\/isfd50-bue.infd.edu.ar\/sitio\/wp-content\/uploads\/2020\/01\/Inicial-768x248.png 768w, https:\/\/isfd50-bue.infd.edu.ar\/sitio\/wp-content\/uploads\/2020\/01\/Inicial-1900x615.png 1900w, https:\/\/isfd50-bue.infd.edu.ar\/sitio\/wp-content\/uploads\/2020\/01\/Inicial.png 2000w\" sizes=\"(max-width: 1000px) 100vw, 1000px\" \/><\/a><\/span><\/p>\n<p style=\"padding-left: 120px; text-align: center;\"><span style=\"font-size: 11pt; font-family: Arial; mso-bidi-font-size: 10.0pt; mso-fareast-font-family: 'Times New Roman'; mso-bidi-font-family: 'Times New Roman'; mso-ansi-language: ES; mso-fareast-language: ES; mso-bidi-language: AR-SA;\">\u00a0\u00a0\u00a0<\/span><span style=\"font-size: 11pt; font-family: Arial; mso-bidi-font-size: 10.0pt; mso-fareast-font-family: 'Times New Roman'; mso-bidi-font-family: 'Times New Roman'; mso-ansi-language: ES; mso-fareast-language: ES; mso-bidi-language: AR-SA;\">\u00a0<\/span><\/p>\n<p style=\"text-align: center;\"><span style=\"color: #0000ff;\"><strong><span style=\"font-family: Arial; font-size: 12pt;\">Aprobado por Resoluci\u00f3n N\u00ba 4154\/07 de la Direcci\u00f3n General de Cultura y Educaci\u00f3n de la Provincia de Buenos Aires, la carrera de Educaci\u00f3n Inicial\u00a0tiene una duraci\u00f3n de 4 a\u00f1os.<\/span><\/strong><\/span><\/p>\n<p style=\"text-align: center;\"><span style=\"color: #0000ff;\"><strong><span style=\"font-family: arial, helvetica, sans-serif; font-size: 12pt;\">\u00a0<span style=\"text-decoration: underline;\">Jefa de \u00e1rea<\/span>: Prof. Andrea Bellini<\/span><\/strong><\/span><\/p>\n<p style=\"text-align: center;\"><span style=\"font-family: arial, helvetica, sans-serif; font-size: medium;\"><strong>Se cursa de lunes a viernes en los siguientes turnos:<\/strong><\/span><\/p>\n<p style=\"text-align: center;\"><strong><span style=\"font-family: arial,helvetica,sans-serif; font-size: 12pt;\">TURNO MA\u00d1ANA: DE 7:45 A 12:45 hs.<\/span><\/strong><\/p>\n<p style=\"text-align: center;\"><strong><span style=\"font-family: arial,helvetica,sans-serif; font-size: 12pt;\">TURNO TARDE: DE 12:45 A 17:45 hs.<\/span><\/strong><\/p>\n<p><strong><span style=\"font-size: 11pt; font-family: Arial; mso-bidi-font-size: 10.0pt; mso-fareast-font-family: 'Times New Roman'; mso-bidi-font-family: 'Times New Roman'; mso-ansi-language: ES; mso-fareast-language: ES; mso-bidi-language: AR-SA;\">\u00a0<\/span><\/strong><\/p>\n<p style=\"text-align: center;\"><span style=\"font-size: 11pt; font-family: Arial; mso-bidi-font-size: 10.0pt; mso-fareast-font-family: 'Times New Roman'; mso-bidi-font-family: 'Times New Roman'; mso-ansi-language: ES; mso-fareast-language: ES; mso-bidi-language: AR-SA;\"><strong>Para conocer el programa de contenidos\u00a0<a title=\"Profesorado de Educaci\u00f3n Inicial\" href=\"http:\/\/abc.gov.ar\/lainstitucion\/organismos\/consejogeneral\/disenioscurriculares\/documentosdescarga\/dcurricularsuperior.pdf\" target=\"_blank\" rel=\"noopener\">Ver Dise\u00f1o Curricular<\/a><\/strong><br \/>\n<\/span><\/p>\n","protected":false},"excerpt":{"rendered":"<p>\u00a0 \u00a0\u00a0\u00a0\u00a0 Aprobado por Resoluci\u00f3n N\u00ba 4154\/07 de la Direcci\u00f3n General de Cultura y Educaci\u00f3n de la Provincia de Buenos Aires, la carrera de Educaci\u00f3n Inicial\u00a0tiene una duraci\u00f3n de 4 a\u00f1os. \u00a0Jefa de \u00e1rea: Prof. Andrea Bellini Se cursa de lunes a viernes en los siguientes turnos: TURNO MA\u00d1ANA: DE 7:45 A 12:45 hs. TURNO &#8230; <a title=\"Profesorado de Educaci\u00f3n Inicial\" class=\"read-more\" href=\"https:\/\/isfd50-bue.infd.edu.ar\/sitio\/profesorado-de-educacion-inicial\/\" aria-label=\"More on Profesorado de Educaci\u00f3n Inicial\">[+]<\/a><\/p>\n","protected":false},"author":70,"featured_media":0,"parent":0,"menu_order":0,"comment_status":"closed","ping_status":"closed","template":"","meta":[],"acf":[],"_links":{"self":[{"href":"https:\/\/isfd50-bue.infd.edu.ar\/sitio\/wp-json\/wp\/v2\/pages\/882"}],"collection":[{"href":"https:\/\/isfd50-bue.infd.edu.ar\/sitio\/wp-json\/wp\/v2\/pages"}],"about":[{"href":"https:\/\/isfd50-bue.infd.edu.ar\/sitio\/wp-json\/wp\/v2\/types\/page"}],"author":[{"embeddable":true,"href":"https:\/\/isfd50-bue.infd.edu.ar\/sitio\/wp-json\/wp\/v2\/users\/70"}],"replies":[{"embeddable":true,"href":"https:\/\/isfd50-bue.infd.edu.ar\/sitio\/wp-json\/wp\/v2\/comments?post=882"}],"version-history":[{"count":4,"href":"https:\/\/isfd50-bue.infd.edu.ar\/sitio\/wp-json\/wp\/v2\/pages\/882\/revisions"}],"predecessor-version":[{"id":1881,"href":"https:\/\/isfd50-bue.infd.edu.ar\/sitio\/wp-json\/wp\/v2\/pages\/882\/revisions\/1881"}],"wp:attachment":[{"href":"https:\/\/isfd50-bue.infd.edu.ar\/sitio\/wp-json\/wp\/v2\/media?parent=882"}],"curies":[{"name":"wp","href":"https:\/\/api.w.org\/{rel}","templated":true}]}}