{"id":897,"date":"2018-06-28T16:47:10","date_gmt":"2018-06-28T19:47:10","guid":{"rendered":"https:\/\/isfd50-bue.infd.edu.ar\/sitio\/profesorado-de-educacion-secundaria-en-matematica\/"},"modified":"2023-09-19T21:54:23","modified_gmt":"2023-09-20T00:54:23","slug":"profesorado-de-educacion-secundaria-en-matematica","status":"publish","type":"page","link":"https:\/\/isfd50-bue.infd.edu.ar\/sitio\/profesorado-de-educacion-secundaria-en-matematica\/","title":{"rendered":"Profesorado de Educaci\u00f3n Secundaria en Matem\u00e1tica"},"content":{"rendered":"<h1 style=\"text-align: center;\">\u00a0<a href=\"https:\/\/isfd50-bue.infd.edu.ar\/sitio\/wp-content\/uploads\/2020\/01\/Matem\u00e1tica.png\"><img decoding=\"async\" loading=\"lazy\" class=\"alignnone size-medium wp-image-1876\" src=\"https:\/\/isfd50-bue.infd.edu.ar\/sitio\/wp-content\/uploads\/2020\/01\/Matem\u00e1tica-1000x324.png\" alt=\"\" width=\"1000\" height=\"324\" srcset=\"https:\/\/isfd50-bue.infd.edu.ar\/sitio\/wp-content\/uploads\/2020\/01\/Matem\u00e1tica-1000x324.png 1000w, https:\/\/isfd50-bue.infd.edu.ar\/sitio\/wp-content\/uploads\/2020\/01\/Matem\u00e1tica-768x248.png 768w, https:\/\/isfd50-bue.infd.edu.ar\/sitio\/wp-content\/uploads\/2020\/01\/Matem\u00e1tica-1900x615.png 1900w, https:\/\/isfd50-bue.infd.edu.ar\/sitio\/wp-content\/uploads\/2020\/01\/Matem\u00e1tica.png 2000w\" sizes=\"(max-width: 1000px) 100vw, 1000px\" \/><\/a><\/h1>\n<p style=\"text-align: center;\"><span style=\"font-size: 12pt; color: #0000ff;\"><strong><span style=\"font-family: Arial;\">Aprobado por Resoluci\u00f3n N\u00ba 1861\/17 de la Direcci\u00f3n General de Cultura y Educaci\u00f3n de la Provincia de Buenos Aires, esta carrera tiene una duraci\u00f3n de 4 a\u00f1os.<\/span><\/strong><\/span><\/p>\n<h2 style=\"text-align: center;\"><strong><span style=\"font-size: 11pt; font-family: Arial; color: #0000ff;\"><span style=\"text-decoration: underline;\">Jefe de \u00e1rea<\/span>: Prof. Carlos Pintos<\/span><\/strong><\/h2>\n<h2 style=\"text-align: center;\"><strong><span style=\"color: #000000; font-family: Arial; font-size: 11pt;\">Se cursa de lunes a viernes en el:<\/span><\/strong><\/h2>\n<p style=\"text-align: center;\"><strong><span style=\"color: #000000; font-family: Arial; font-size: 11pt;\">\u00a0TURNO MA\u00d1ANA: DE 7:45 A 12:45 hs.<\/span><\/strong><\/p>\n<h3 style=\"text-align: center;\"><\/h3>\n<h3 style=\"text-align: center;\"><strong><a href=\"https:\/\/isfd50-bue.infd.edu.ar\/sitio\/wp-content\/uploads\/2018\/12\/Nuevo-dise\u00f1o-Profesorado-de-Educaci\u00f3n-Secundaria-en-Matem\u00e1tica.pdf\" target=\"_blank\" rel=\"noopener\">Nuevo Dise\u00f1o Curricular Profesorado de Educaci\u00f3n Secundaria en Matem\u00e1tica<\/a><\/strong><\/h3>\n<p style=\"text-align: center;\"><strong><span style=\"font-family: Arial; font-size: 12pt; background-color: #efef0f;\"><span style=\"color: #008000;\"><a title=\"Dise\u00f1o Curricular Profesorado de Matem\u00e1tica\" href=\"upload\/Profesorado_de_matematica_1.doc\" target=\"_blank\" rel=\"noopener\">Dise\u00f1o Curricular del Prof. de Educaci\u00f3n Secundaria en Matem\u00e1tica (Plan viejo)<\/a><\/span><\/span><\/strong><\/p>\n<h1 style=\"text-align: center;\"><span style=\"text-decoration: underline;\"><span style=\"color: #0000ff; text-decoration: underline;\">Equivalencias<\/span><\/span><\/h1>\n<h2 style=\"text-align: center;\"><a href=\"https:\/\/isfd50-bue.infd.edu.ar\/sitio\/wp-content\/uploads\/2020\/05\/EQUIV.-MATE-1.jpg\"><img decoding=\"async\" loading=\"lazy\" class=\"alignnone size-medium wp-image-2231\" src=\"https:\/\/isfd50-bue.infd.edu.ar\/sitio\/wp-content\/uploads\/2020\/05\/EQUIV.-MATE-1-823x1000.jpg\" alt=\"\" width=\"823\" height=\"1000\" srcset=\"https:\/\/isfd50-bue.infd.edu.ar\/sitio\/wp-content\/uploads\/2020\/05\/EQUIV.-MATE-1-823x1000.jpg 823w, https:\/\/isfd50-bue.infd.edu.ar\/sitio\/wp-content\/uploads\/2020\/05\/EQUIV.-MATE-1-768x933.jpg 768w, https:\/\/isfd50-bue.infd.edu.ar\/sitio\/wp-content\/uploads\/2020\/05\/EQUIV.-MATE-1-1563x1900.jpg 1563w\" sizes=\"(max-width: 823px) 100vw, 823px\" \/><\/a><\/h2>\n","protected":false},"excerpt":{"rendered":"<p>\u00a0 Aprobado por Resoluci\u00f3n N\u00ba 1861\/17 de la Direcci\u00f3n General de Cultura y Educaci\u00f3n de la Provincia de Buenos Aires, esta carrera tiene una duraci\u00f3n de 4 a\u00f1os. Jefe de \u00e1rea: Prof. Carlos Pintos Se cursa de lunes a viernes en el: \u00a0TURNO MA\u00d1ANA: DE 7:45 A 12:45 hs. Nuevo Dise\u00f1o Curricular Profesorado de Educaci\u00f3n &#8230; <a title=\"Profesorado de Educaci\u00f3n Secundaria en Matem\u00e1tica\" class=\"read-more\" href=\"https:\/\/isfd50-bue.infd.edu.ar\/sitio\/profesorado-de-educacion-secundaria-en-matematica\/\" aria-label=\"More on Profesorado de Educaci\u00f3n Secundaria en Matem\u00e1tica\">[+]<\/a><\/p>\n","protected":false},"author":70,"featured_media":0,"parent":0,"menu_order":0,"comment_status":"closed","ping_status":"closed","template":"","meta":[],"acf":[],"_links":{"self":[{"href":"https:\/\/isfd50-bue.infd.edu.ar\/sitio\/wp-json\/wp\/v2\/pages\/897"}],"collection":[{"href":"https:\/\/isfd50-bue.infd.edu.ar\/sitio\/wp-json\/wp\/v2\/pages"}],"about":[{"href":"https:\/\/isfd50-bue.infd.edu.ar\/sitio\/wp-json\/wp\/v2\/types\/page"}],"author":[{"embeddable":true,"href":"https:\/\/isfd50-bue.infd.edu.ar\/sitio\/wp-json\/wp\/v2\/users\/70"}],"replies":[{"embeddable":true,"href":"https:\/\/isfd50-bue.infd.edu.ar\/sitio\/wp-json\/wp\/v2\/comments?post=897"}],"version-history":[{"count":14,"href":"https:\/\/isfd50-bue.infd.edu.ar\/sitio\/wp-json\/wp\/v2\/pages\/897\/revisions"}],"predecessor-version":[{"id":3453,"href":"https:\/\/isfd50-bue.infd.edu.ar\/sitio\/wp-json\/wp\/v2\/pages\/897\/revisions\/3453"}],"wp:attachment":[{"href":"https:\/\/isfd50-bue.infd.edu.ar\/sitio\/wp-json\/wp\/v2\/media?parent=897"}],"curies":[{"name":"wp","href":"https:\/\/api.w.org\/{rel}","templated":true}]}}