{"id":913,"date":"2018-06-28T16:47:17","date_gmt":"2018-06-28T19:47:17","guid":{"rendered":"https:\/\/isfd50-bue.infd.edu.ar\/sitio\/politicas-estudiantiles\/"},"modified":"2020-01-08T18:52:43","modified_gmt":"2020-01-08T21:52:43","slug":"politicas-estudiantiles","status":"publish","type":"page","link":"https:\/\/isfd50-bue.infd.edu.ar\/sitio\/politicas-estudiantiles\/","title":{"rendered":"Pol\u00edticas Estudiantiles"},"content":{"rendered":"<p style=\"text-align: center;\"><img decoding=\"async\" title=\"Pol\u00edticas Estudiantiles\" src=\"https:\/\/isfd50-bue.infd.edu.ar\/sitio\/wp-content\/uploads\/2018\/06\/pol%C3%ADticas_estudiantiles_1.jpg\" alt=\"Pol\u00edticas Estudiantiles\" border=\"0\" \/><\/p>\n<p style=\"text-align: left;\"><strong><span style=\"font-size: 12pt; font-family: verdana, geneva;\">Desde el \u00e1rea de Pol\u00edticas Estudiantiles del Instituto Nacional de Formaci\u00f3n Docente trabajamos con el objetivo de favorecer la construcci\u00f3n del rol social, pol\u00edtico y cultural de los futuros docentes.<\/span><\/strong><\/p>\n<p style=\"text-align: left;\"><strong><span style=\"font-size: 12pt; font-family: verdana, geneva;\">En el marco de un sistema educativo en expansi\u00f3n, nuestro desaf\u00edo como \u00e1rea es generar pol\u00edticas tendientes a acompa\u00f1ar las trayectorias estudiantiles y a profundizar la democratizaci\u00f3n de las instituciones formadoras, con el objetivo de que sus pr\u00e1cticas cotidianas posibiliten un efectivo ejercicio democr\u00e1tico as\u00ed como su compromiso como garantes del derecho a la educaci\u00f3n y la defensa de los derechos humanos.<\/span><\/strong><\/p>\n","protected":false},"excerpt":{"rendered":"<p>Desde el \u00e1rea de Pol\u00edticas Estudiantiles del Instituto Nacional de Formaci\u00f3n Docente trabajamos con el objetivo de favorecer la construcci\u00f3n del rol social, pol\u00edtico y cultural de los futuros docentes. En el marco de un sistema educativo en expansi\u00f3n, nuestro desaf\u00edo como \u00e1rea es generar pol\u00edticas tendientes a acompa\u00f1ar las trayectorias estudiantiles y a profundizar &#8230; <a title=\"Pol\u00edticas Estudiantiles\" class=\"read-more\" href=\"https:\/\/isfd50-bue.infd.edu.ar\/sitio\/politicas-estudiantiles\/\" aria-label=\"More on Pol\u00edticas Estudiantiles\">[+]<\/a><\/p>\n","protected":false},"author":70,"featured_media":0,"parent":0,"menu_order":0,"comment_status":"closed","ping_status":"closed","template":"","meta":[],"acf":[],"_links":{"self":[{"href":"https:\/\/isfd50-bue.infd.edu.ar\/sitio\/wp-json\/wp\/v2\/pages\/913"}],"collection":[{"href":"https:\/\/isfd50-bue.infd.edu.ar\/sitio\/wp-json\/wp\/v2\/pages"}],"about":[{"href":"https:\/\/isfd50-bue.infd.edu.ar\/sitio\/wp-json\/wp\/v2\/types\/page"}],"author":[{"embeddable":true,"href":"https:\/\/isfd50-bue.infd.edu.ar\/sitio\/wp-json\/wp\/v2\/users\/70"}],"replies":[{"embeddable":true,"href":"https:\/\/isfd50-bue.infd.edu.ar\/sitio\/wp-json\/wp\/v2\/comments?post=913"}],"version-history":[{"count":1,"href":"https:\/\/isfd50-bue.infd.edu.ar\/sitio\/wp-json\/wp\/v2\/pages\/913\/revisions"}],"predecessor-version":[{"id":1810,"href":"https:\/\/isfd50-bue.infd.edu.ar\/sitio\/wp-json\/wp\/v2\/pages\/913\/revisions\/1810"}],"wp:attachment":[{"href":"https:\/\/isfd50-bue.infd.edu.ar\/sitio\/wp-json\/wp\/v2\/media?parent=913"}],"curies":[{"name":"wp","href":"https:\/\/api.w.org\/{rel}","templated":true}]}}