{"id":916,"date":"2018-06-28T16:47:19","date_gmt":"2018-06-28T19:47:19","guid":{"rendered":"https:\/\/isfd50-bue.infd.edu.ar\/sitio\/normativa-institucional\/"},"modified":"2024-05-06T21:39:14","modified_gmt":"2024-05-07T00:39:14","slug":"normativa-institucional","status":"publish","type":"page","link":"https:\/\/isfd50-bue.infd.edu.ar\/sitio\/normativa-institucional\/","title":{"rendered":"Normativa Institucional"},"content":{"rendered":"<p class=\"Resaltado1\" style=\"text-align: center;\"><span style=\"font-family: arial, helvetica, sans-serif; font-size: 18pt;\">Normativa Institucional<\/span><\/p>\n<p style=\"text-align: left;\"><span style=\"color: #000000; font-size: 14pt;\"><span style=\"color: #000000;\"><strong><span style=\"color: #000000;\">Para poder acceder a cada uno de ellos, hacer click sobre el que se desea leer:<\/span><\/strong><\/span><\/span><\/p>\n<h3 style=\"text-align: center;\"><span style=\"font-family: arial, helvetica, sans-serif; font-size: 18pt;\"><a title=\"Acuerdo de Convivencia \" href=\"upload\/Acuerdo_de_Convivencia_ISFD_N_50.pdf\" target=\"_blank\" rel=\"noopener\"><span style=\"font-family: arial, helvetica, sans-serif;\"><strong><span style=\"font-family: arial, helvetica, sans-serif;\">Acuerdo de Convive<\/span><\/strong><\/span><span style=\"font-family: arial, helvetica, sans-serif;\"><strong><span style=\"font-family: arial, helvetica, sans-serif;\">ncia<\/span><\/strong><\/span><\/a><\/span><\/h3>\n<h3 style=\"text-align: center;\"><span style=\"font-size: 18pt; font-family: arial, helvetica, sans-serif;\"><span style=\"font-size: 18pt; font-family: arial, helvetica, sans-serif;\"><strong><span style=\"font-size: 18pt; font-family: arial, helvetica, sans-serif;\"><a title=\"Reglamento de pr\u00e1cticas y residencias\" href=\"upload\/Reglamento_de_pr%E1cticas_1.pdf\" target=\"_blank\" rel=\"noopener\">Reglamento de Pr\u00e1cticas y Residencias<\/a><\/span><\/strong><\/span><\/span><\/h3>\n<h4 style=\"text-align: center;\"><a href=\"https:\/\/isfd50-bue.infd.edu.ar\/sitio\/wp-content\/uploads\/2022\/08\/Resolucion_4043-09-2.pdf\">Resoluci\u00f3n 4043<\/a><\/h4>\n<h4 style=\"text-align: center;\"><a href=\"https:\/\/isfd50-bue.infd.edu.ar\/sitio\/wp-content\/uploads\/2022\/08\/res_4042-09_Consejo_Provincial_de_Educaci_F3n_Superior.pdf\">Resoluci\u00f3n 4042<\/a><\/h4>\n<h4 style=\"text-align: center;\"><a href=\"https:\/\/isfd50-bue.infd.edu.ar\/sitio\/wp-content\/uploads\/2022\/08\/Res-4044-09.pdf\">Resoluci\u00f3n 4044<\/a><\/h4>\n<h4 style=\"text-align: center;\"><a href=\"https:\/\/isfd50-bue.infd.edu.ar\/sitio\/wp-content\/uploads\/2022\/08\/resolucion_nro3121ayudantedecatedra.pdf\">Resoluci\u00f3n 3121<\/a><\/h4>\n<h3 style=\"text-align: center;\"><span style=\"font-family: verdana, geneva; font-size: 14pt;\"><strong style=\"color: #0000ff; font-size: 14pt;\"><span style=\"color: #0000ff;\"><a href=\"http:\/\/servicios2.abc.gov.ar\/lainstitucion\/sistemaeducativo\/educacionsuperior\/normativas\/documentos\/resolucion_nro5886_cobertura_de_catedra.pdf\">Resoluci\u00f3n 5886\/03<\/a><\/span><\/strong><\/span><\/h3>\n<h4 style=\"text-align: center;\"><a href=\"https:\/\/isfd50-bue.infd.edu.ar\/sitio\/wp-content\/uploads\/2021\/08\/Disp-no-30-2005.pdf\"><strong>Disposici\u00f3n N\u00ba 30-2005<\/strong><\/a><\/h4>\n<h4 style=\"text-align: center;\"><a href=\"https:\/\/des-bue.infd.edu.ar\/sitio\/normativa\/\" target=\"_blank\" rel=\"noopener\">Acceso a todas las Normativas de la Direcci\u00f3n de Educaci\u00f3n Superior<\/a><\/h4>\n<hr \/>\n<h2 style=\"text-align: center;\"><span style=\"text-decoration: underline;\"><span style=\"color: #000000;\"><strong>Documentos sobre evaluaci\u00f3n (2020)<\/strong><\/span><\/span><\/h2>\n<h3 style=\"text-align: center;\"><strong><a href=\"https:\/\/isfd50-bue.infd.edu.ar\/sitio\/wp-content\/uploads\/2020\/06\/SSE-SUPERIOR-Circular-Te\u0301cnica-Conjunta-1-2020.pdf\">SSE &#8211; SUPERIOR &#8211; Circular Te\u0301cnica Conjunta 1-2020<\/a> <\/strong><\/h3>\n<h3 style=\"text-align: center;\"><strong><a href=\"https:\/\/isfd50-bue.infd.edu.ar\/sitio\/wp-content\/uploads\/2020\/06\/Documento-sobre-Evaluaci\u00f3n-Consejo-Regional-Regi\u00f3n-IV.pdf\">Documento sobre Evaluaci\u00f3n Consejo Regional &#8211; Regi\u00f3n IV<\/a> <\/strong><\/h3>\n<h3 style=\"text-align: center;\"><strong><a href=\"https:\/\/isfd50-bue.infd.edu.ar\/sitio\/wp-content\/uploads\/2020\/06\/Documento-sobre-evaluaci\u00f3n-CAI-2020.pdf\">Documento sobre evaluaci\u00f3n CAI 2020<\/a><\/strong><\/h3>\n<h3 style=\"text-align: center;\"><strong><span style=\"font-family: 'arial black', 'avant garde'; font-size: 18pt; color: #ffffff;\">al<\/span><\/strong><\/h3>\n<h3><\/h3>\n<p class=\"Titulo1\" style=\"text-align: center;\">\n","protected":false},"excerpt":{"rendered":"<p>Normativa Institucional Para poder acceder a cada uno de ellos, hacer click sobre el que se desea leer: Acuerdo de Convivencia Reglamento de Pr\u00e1cticas y Residencias Resoluci\u00f3n 4043 Resoluci\u00f3n 4042 Resoluci\u00f3n 4044 Resoluci\u00f3n 3121 Resoluci\u00f3n 5886\/03 Disposici\u00f3n N\u00ba 30-2005 Acceso a todas las Normativas de la Direcci\u00f3n de Educaci\u00f3n Superior Documentos sobre evaluaci\u00f3n (2020) SSE &#8230; <a title=\"Normativa Institucional\" class=\"read-more\" href=\"https:\/\/isfd50-bue.infd.edu.ar\/sitio\/normativa-institucional\/\" aria-label=\"More on Normativa Institucional\">[+]<\/a><\/p>\n","protected":false},"author":70,"featured_media":0,"parent":0,"menu_order":0,"comment_status":"closed","ping_status":"closed","template":"","meta":[],"acf":[],"_links":{"self":[{"href":"https:\/\/isfd50-bue.infd.edu.ar\/sitio\/wp-json\/wp\/v2\/pages\/916"}],"collection":[{"href":"https:\/\/isfd50-bue.infd.edu.ar\/sitio\/wp-json\/wp\/v2\/pages"}],"about":[{"href":"https:\/\/isfd50-bue.infd.edu.ar\/sitio\/wp-json\/wp\/v2\/types\/page"}],"author":[{"embeddable":true,"href":"https:\/\/isfd50-bue.infd.edu.ar\/sitio\/wp-json\/wp\/v2\/users\/70"}],"replies":[{"embeddable":true,"href":"https:\/\/isfd50-bue.infd.edu.ar\/sitio\/wp-json\/wp\/v2\/comments?post=916"}],"version-history":[{"count":9,"href":"https:\/\/isfd50-bue.infd.edu.ar\/sitio\/wp-json\/wp\/v2\/pages\/916\/revisions"}],"predecessor-version":[{"id":3552,"href":"https:\/\/isfd50-bue.infd.edu.ar\/sitio\/wp-json\/wp\/v2\/pages\/916\/revisions\/3552"}],"wp:attachment":[{"href":"https:\/\/isfd50-bue.infd.edu.ar\/sitio\/wp-json\/wp\/v2\/media?parent=916"}],"curies":[{"name":"wp","href":"https:\/\/api.w.org\/{rel}","templated":true}]}}