{"id":926,"date":"2018-06-28T16:47:23","date_gmt":"2018-06-28T19:47:23","guid":{"rendered":"https:\/\/isfd50-bue.infd.edu.ar\/sitio\/becas-2018\/"},"modified":"2021-03-17T20:03:16","modified_gmt":"2021-03-17T23:03:16","slug":"becas-2021","status":"publish","type":"page","link":"https:\/\/isfd50-bue.infd.edu.ar\/sitio\/becas-2021\/","title":{"rendered":"Becas 2021"},"content":{"rendered":"<h1 style=\"text-align: center;\"><span style=\"text-decoration: underline;\"><span style=\"color: #0000ff; text-decoration: underline;\"><strong>Becas Progresar<\/strong><\/span><\/span><\/h1>\n<h4><span style=\"color: #000000;\">Estimadas\/os Estudiantes:<\/span><\/h4>\n<h4><span style=\"color: #000000;\">Nos alegra comunicarnos en esta oportunidad para hacerles llegar informaci\u00f3n respecto al Programa Progresar. Recientemente el Ministerio de Educaci\u00f3n de la Naci\u00f3n anunci\u00f3 que para el 2021 el Programa cuenta con la l\u00ednea de becas para el Nivel Superior con cambios sustanciales respecto de los \u00faltimos a\u00f1os: <\/span><br \/>\n<span style=\"color: #000000;\">Se suman dos cuotas al pago anual, pasando de diez a doce pagos mensuales.<\/span><\/h4>\n<h4><span style=\"color: #000000;\">En lo que respecta a Formaci\u00f3n Docente y Formaci\u00f3n Superior T\u00e9cnica el aumento del estipendio econ\u00f3mico es entre un 40 % y 60% $3.600 para ingresantes y $3.800 para avanzados.<\/span><\/h4>\n<h4><span style=\"color: #000000;\">El requisito de aprobaci\u00f3n del 50% de las materias queda suspendido de manera excepcional dadas las caracter\u00edsticas particulares vinculadas con la pandemia del COVID 19. Los\/as estudiantes deber\u00e1n acreditar ser alumno regular, lo cual ser\u00e1 certificado por el instituto.<\/span><\/h4>\n<h4><span style=\"color: #000000;\">Ampliaci\u00f3n de los grupos priorizados.<\/span><\/h4>\n<h4><span style=\"color: #0000ff;\">INSCRIPCI\u00d3N<\/span><br \/>\n<span style=\"color: #000000;\">El tr\u00e1mite para la solicitud de la beca se realiza entre el 1 de marzo y el 30 de abril a trav\u00e9s de la p\u00e1gina <a href=\"https:\/\/www.argentina.gob.ar\/educacion\/progresar\" target=\"_blank\" rel=\"noopener\">https:\/\/www.argentina.gob.ar\/educacion\/progresar<\/a> \u201cInscripci\u00f3n Nivel Superior\u201d o desde la aplicaci\u00f3n Progresar+ disponible en Google Play o el App Store de Apple.<\/span><\/h4>\n<h4><span style=\"color: #0000ff;\">IMPORTANTE:<\/span><\/h4>\n<h4><span style=\"color: #000000;\">Solamente se permite una inscripci\u00f3n, por uno de los dos medios.<\/span><\/h4>\n<h4><span style=\"color: #000000;\">Si las\/os postulantes ya se inscribieron en alguna de las convocatorias anteriores ya tiene usuario y contrase\u00f1a. En caso de no recordarlo escribir a <a href=\"mailto:becassuperior_pba@abc.gob.ar\" target=\"_blank\" rel=\"noopener\">becassuperior_pba@abc.gob.ar<\/a><\/span><\/h4>\n<h4><span style=\"color: #000000;\">Aunque hayan percibido la beca anteriormente, la\/los estudiantes deben reinscribirse cada a\u00f1o.<\/span><\/h4>\n<h4><span style=\"color: #000000;\">El sistema no permite subsanar errores una vez enviado el formulario de inscripci\u00f3n por esta raz\u00f3n les recomendamos tomarse el tiempo necesario para completarlo y prestar atenci\u00f3n en la carga de la informaci\u00f3n.<\/span><\/h4>\n<h4><span style=\"color: #000000;\">Recomendamos antes de realizar la carga chequear en ANSES c\u00f3mo se encuentra cargado su grupo familiar <a href=\"https:\/\/servicioscorp.anses.gob.ar\/clavelogon\/logon.aspx?system=mianses\" target=\"_blank\" rel=\"noopener\">https:\/\/servicioscorp.anses.gob.ar\/clavelogon\/logon.aspx?system=mianses<\/a>. Tener en cuenta que ANSES considera \u00abgrupo familiar\u00bb a aquel que convive en el mismo domicilio y considerar\u00e1 esa informaci\u00f3n para verificar si los ingresos superan los 3 salarios m\u00ednimos.<\/span><\/h4>\n<h4><span style=\"color: #000000;\"><span style=\"color: #0000ff;\">REGLAMENTO DE LA CONVOCATORIA PROGRESAR<\/span>: <a href=\"https:\/\/www.boletinoficial.gob.ar\/detalleAviso\/primera\/241739\/20210311\" target=\"_blank\" rel=\"noopener\">https:\/\/www.boletinoficial.gob.ar\/detalleAviso\/primera\/241739\/20210311<\/a><\/span><\/h4>\n<p style=\"text-align: center;\"><img decoding=\"async\" title=\"\" src=\"https:\/\/isfd50-bue.infd.edu.ar\/sitio\/wp-content\/uploads\/2018\/06\/0002_1.jpg\" alt=\"\" border=\"0\" \/><\/p>\n","protected":false},"excerpt":{"rendered":"<p>Becas Progresar Estimadas\/os Estudiantes: Nos alegra comunicarnos en esta oportunidad para hacerles llegar informaci\u00f3n respecto al Programa Progresar. Recientemente el Ministerio de Educaci\u00f3n de la Naci\u00f3n anunci\u00f3 que para el 2021 el Programa cuenta con la l\u00ednea de becas para el Nivel Superior con cambios sustanciales respecto de los \u00faltimos a\u00f1os: Se suman dos cuotas &#8230; <a title=\"Becas 2021\" class=\"read-more\" href=\"https:\/\/isfd50-bue.infd.edu.ar\/sitio\/becas-2021\/\" aria-label=\"More on Becas 2021\">[+]<\/a><\/p>\n","protected":false},"author":70,"featured_media":0,"parent":0,"menu_order":0,"comment_status":"closed","ping_status":"closed","template":"","meta":[],"acf":[],"_links":{"self":[{"href":"https:\/\/isfd50-bue.infd.edu.ar\/sitio\/wp-json\/wp\/v2\/pages\/926"}],"collection":[{"href":"https:\/\/isfd50-bue.infd.edu.ar\/sitio\/wp-json\/wp\/v2\/pages"}],"about":[{"href":"https:\/\/isfd50-bue.infd.edu.ar\/sitio\/wp-json\/wp\/v2\/types\/page"}],"author":[{"embeddable":true,"href":"https:\/\/isfd50-bue.infd.edu.ar\/sitio\/wp-json\/wp\/v2\/users\/70"}],"replies":[{"embeddable":true,"href":"https:\/\/isfd50-bue.infd.edu.ar\/sitio\/wp-json\/wp\/v2\/comments?post=926"}],"version-history":[{"count":6,"href":"https:\/\/isfd50-bue.infd.edu.ar\/sitio\/wp-json\/wp\/v2\/pages\/926\/revisions"}],"predecessor-version":[{"id":2667,"href":"https:\/\/isfd50-bue.infd.edu.ar\/sitio\/wp-json\/wp\/v2\/pages\/926\/revisions\/2667"}],"wp:attachment":[{"href":"https:\/\/isfd50-bue.infd.edu.ar\/sitio\/wp-json\/wp\/v2\/media?parent=926"}],"curies":[{"name":"wp","href":"https:\/\/api.w.org\/{rel}","templated":true}]}}