{"id":937,"date":"2018-06-28T16:47:28","date_gmt":"2018-06-28T19:47:28","guid":{"rendered":"https:\/\/isfd50-bue.infd.edu.ar\/sitio\/autoridades\/"},"modified":"2025-05-10T00:14:35","modified_gmt":"2025-05-10T03:14:35","slug":"autoridades","status":"publish","type":"page","link":"https:\/\/isfd50-bue.infd.edu.ar\/sitio\/autoridades\/","title":{"rendered":"Autoridades"},"content":{"rendered":"<h1 style=\"text-align: center;\"><span style=\"font-family: arial,helvetica,sans-serif; color: #ff0000; font-size: 14pt;\"><strong>\u00a0<span style=\"color: #0000ff;\"><span style=\"text-decoration: underline;\">Equipo de conducci\u00f3n<\/span><span style=\"text-decoration: underline;\">\u00a0del I.S.F.D. N\u00b0 50<\/span><\/span><\/strong><\/span><\/h1>\n<ul>\n<li><span style=\"color: #0000ff;\"><strong>Directora: Prof. Mar\u00eda Mercedes L\u00f3pez<\/strong><\/span><\/li>\n<li><span style=\"color: #0000ff;\"><strong>Vicedirector: Prof. Jonathan Lopes<\/strong><\/span><\/li>\n<li><strong><span style=\"color: #0000ff;\">Regente: Prof. Margarita Alonso<\/span><\/strong><\/li>\n<li><strong><span style=\"color: #0000ff;\">Regente: Ivana Bressan<\/span><\/strong><\/li>\n<li><span style=\"color: #000000;\"><strong><span style=\"text-decoration: underline;\">Jefes de \u00e1rea:<\/span>\u00a0<\/strong><\/span><\/li>\n<li><span style=\"color: #0000ff;\"><strong>Prof. Carlos Pintos (Prof. de Educ. Secundaria en Matem\u00e1tica)<\/strong><\/span><\/li>\n<li><span style=\"color: #0000ff;\"><strong>Prof. Patricia Reynoso (Prof. de Educ. Primaria)<\/strong><\/span><\/li>\n<li><strong><span style=\"color: #0000ff;\">Prof. Andrea Bellini (Prof. de Educ. Inicial)<\/span><\/strong><\/li>\n<li><strong><span style=\"color: #0000ff;\">Prof. Natalia Garola Hansen (Prof. de Educ. Secundaria en Lengua y Literatura)<\/span><\/strong><\/li>\n<li><strong><span style=\"color: #0000ff;\">Prof. Silvia Scarinci (Prof. de Educ. Secundaria en Historia)<\/span><\/strong><\/li>\n<li><strong><span style=\"color: #0000ff;\"><span style=\"text-decoration: underline;\">Secretaria<\/span>: Noelia \u00c1lvarez<\/span><\/strong><\/li>\n<li><span style=\"color: #0000ff;\"><strong><span style=\"text-decoration: underline;\">Pro secretaria<\/span>: &#8212;<\/strong><\/span><\/li>\n<\/ul>\n","protected":false},"excerpt":{"rendered":"<p>\u00a0Equipo de conducci\u00f3n\u00a0del I.S.F.D. N\u00b0 50 Directora: Prof. Mar\u00eda Mercedes L\u00f3pez Vicedirector: Prof. Jonathan Lopes Regente: Prof. Margarita Alonso Regente: Ivana Bressan Jefes de \u00e1rea:\u00a0 Prof. Carlos Pintos (Prof. de Educ. Secundaria en Matem\u00e1tica) Prof. Patricia Reynoso (Prof. de Educ. Primaria) Prof. Andrea Bellini (Prof. de Educ. Inicial) Prof. Natalia Garola Hansen (Prof. de Educ. &#8230; <a title=\"Autoridades\" class=\"read-more\" href=\"https:\/\/isfd50-bue.infd.edu.ar\/sitio\/autoridades\/\" aria-label=\"More on Autoridades\">[+]<\/a><\/p>\n","protected":false},"author":70,"featured_media":0,"parent":0,"menu_order":0,"comment_status":"closed","ping_status":"closed","template":"","meta":[],"acf":[],"_links":{"self":[{"href":"https:\/\/isfd50-bue.infd.edu.ar\/sitio\/wp-json\/wp\/v2\/pages\/937"}],"collection":[{"href":"https:\/\/isfd50-bue.infd.edu.ar\/sitio\/wp-json\/wp\/v2\/pages"}],"about":[{"href":"https:\/\/isfd50-bue.infd.edu.ar\/sitio\/wp-json\/wp\/v2\/types\/page"}],"author":[{"embeddable":true,"href":"https:\/\/isfd50-bue.infd.edu.ar\/sitio\/wp-json\/wp\/v2\/users\/70"}],"replies":[{"embeddable":true,"href":"https:\/\/isfd50-bue.infd.edu.ar\/sitio\/wp-json\/wp\/v2\/comments?post=937"}],"version-history":[{"count":19,"href":"https:\/\/isfd50-bue.infd.edu.ar\/sitio\/wp-json\/wp\/v2\/pages\/937\/revisions"}],"predecessor-version":[{"id":3714,"href":"https:\/\/isfd50-bue.infd.edu.ar\/sitio\/wp-json\/wp\/v2\/pages\/937\/revisions\/3714"}],"wp:attachment":[{"href":"https:\/\/isfd50-bue.infd.edu.ar\/sitio\/wp-json\/wp\/v2\/media?parent=937"}],"curies":[{"name":"wp","href":"https:\/\/api.w.org\/{rel}","templated":true}]}}