{"id":974,"date":"2018-06-28T16:47:46","date_gmt":"2018-06-28T19:47:46","guid":{"rendered":"https:\/\/isfd50-bue.infd.edu.ar\/sitio\/c-i-p-e-s\/"},"modified":"2020-01-08T18:48:57","modified_gmt":"2020-01-08T21:48:57","slug":"c-i-p-e-s","status":"publish","type":"page","link":"https:\/\/isfd50-bue.infd.edu.ar\/sitio\/c-i-p-e-s\/","title":{"rendered":"C.I.P.E.S."},"content":{"rendered":"<p style=\"text-align: center;\">\n<p><strong><span style=\"font-family: verdana, geneva; font-size: 12pt;\">Las y los CIPEs son profesionales que acompa\u00f1an el desarrollo de canales y espacios de organizaci\u00f3n y participaci\u00f3n donde los estudiantes se convierten en protagonistas de su propia formaci\u00f3n. En este sentido, conforman el equipo ampliado de Pol\u00edticas Estudiantiles tanto del INFD como de cada jurisdicci\u00f3n.<\/span><\/strong><\/p>\n<p style=\"text-align: center;\"><strong><span style=\"font-size: 12pt;\">\u00a0<\/span><\/strong><\/p>\n<p><strong><span style=\"font-family: verdana, geneva; font-size: 12pt;\">Los objetivos centrales de su trabajo apuntan a:<\/span><\/strong><\/p>\n<p style=\"text-align: center;\"><strong><span style=\"font-size: 12pt;\">\u00a0<\/span><\/strong><\/p>\n<ul>\n<li><strong><span style=\"font-family: verdana, geneva; font-size: 12pt;\">Promover la participaci\u00f3n e involucramiento de los estudiantes en la gesti\u00f3n democr\u00e1tica de las instituciones y en el mejoramiento acad\u00e9mico.<\/span><\/strong><\/li>\n<li><strong><span style=\"font-family: verdana, geneva; font-size: 12pt;\">Desarrollar proyectos colectivos con estudiantes y otros actores institucionales en tem\u00e1ticas que promuevan la construcci\u00f3n del sentido \u00e9tico, pol\u00edtico y transformador de la pr\u00e1ctica docente.<\/span><\/strong><\/li>\n<\/ul>\n<p style=\"text-align: center;\">\n<p style=\"text-align: center;\"><span style=\"text-decoration: underline;\"><strong><span style=\"font-family: verdana, geneva; font-size: 18pt; color: #0000ff;\">Coordinadoras<\/span><\/strong><\/span><\/p>\n<p style=\"text-align: left;\"><span style=\"text-decoration: underline;\"><strong><span style=\"font-family: verdana, geneva; font-size: 18pt; color: #0000ff;\">Anal\u00eda Silva<\/span><\/strong><\/span><\/p>\n<p style=\"text-align: left;\"><span style=\"font-size: 12pt; color: #000000;\"><strong><span style=\"font-family: verdana, geneva;\">Lunes de 13.00 a 17.00 hs<\/span><\/strong><\/span><\/p>\n<p style=\"text-align: left;\"><span style=\"font-size: 12pt; color: #000000;\"><strong><span style=\"font-family: verdana, geneva;\">Mi\u00e9rcoles de 17.00 a 21.00 hs<\/span><\/strong><\/span><\/p>\n<p style=\"text-align: left;\"><span style=\"font-size: 12pt; color: #000000;\"><strong><span style=\"font-family: verdana, geneva;\">Viernes de 8.00 a 12.00 hs<\/span><\/strong><\/span><\/p>\n<p style=\"text-align: left;\">\n<p style=\"text-align: left;\"><span style=\"text-decoration: underline;\"><span style=\"font-size: 18pt; color: #0000ff;\"><strong><span style=\"font-family: verdana, geneva;\">Eva Fuentes<\/span><\/strong><\/span><\/span><\/p>\n<p style=\"text-align: left;\"><span style=\"font-size: 12pt; color: #000000;\"><strong><span style=\"font-family: verdana, geneva;\">Lunes de 10.00 a 13.00 hs<\/span><\/strong><\/span><\/p>\n<p style=\"text-align: left;\"><span style=\"font-size: 12pt; color: #000000;\"><strong><span style=\"font-family: verdana, geneva;\">Martes de 13.00 a 16.00 hs<\/span><\/strong><\/span><\/p>\n<p style=\"text-align: left;\"><span style=\"font-size: 12pt; color: #000000;\"><strong><span style=\"font-family: verdana, geneva;\">Jueves de 17.00 a 20.00 hs<\/span><\/strong><\/span><\/p>\n<p style=\"text-align: left;\"><span style=\"font-size: 12pt; color: #000000;\"><strong><span style=\"font-family: verdana, geneva;\">Viernes de 12.00 a 15.00 hs<\/span><\/strong><\/span><\/p>\n<p style=\"text-align: left;\">\n<p style=\"text-align: left;\"><span style=\"text-decoration: underline;\"><span style=\"font-size: 14pt;\"><span style=\"color: #0000ff; text-decoration: underline;\"><strong><span style=\"font-family: verdana, geneva;\">Lugar de<\/span><\/strong><\/span><\/span><\/span><span style=\"font-size: 14pt;\"><span style=\"color: #0000ff;\"><strong><span style=\"font-family: verdana, geneva;\"><span style=\"text-decoration: underline;\"> atenci\u00f3n<\/span>:<\/span><\/strong><\/span><\/span><span style=\"font-size: 14pt;\"><span style=\"color: #0000ff;\"><span style=\"font-family: verdana, geneva;\"><span style=\"color: #000000;\">\u00a0<strong>Biblioteca<br \/>\n<\/strong><\/span><\/span><\/span><\/span><\/p>\n<p style=\"text-align: center;\"><span style=\"color: #0000ff; font-family: verdana, geneva; font-size: 14pt;\"><strong>\u00a0<\/strong><\/span><\/p>\n","protected":false},"excerpt":{"rendered":"<p>Las y los CIPEs son profesionales que acompa\u00f1an el desarrollo de canales y espacios de organizaci\u00f3n y participaci\u00f3n donde los estudiantes se convierten en protagonistas de su propia formaci\u00f3n. En este sentido, conforman el equipo ampliado de Pol\u00edticas Estudiantiles tanto del INFD como de cada jurisdicci\u00f3n. \u00a0 Los objetivos centrales de su trabajo apuntan a: &#8230; <a title=\"C.I.P.E.S.\" class=\"read-more\" href=\"https:\/\/isfd50-bue.infd.edu.ar\/sitio\/c-i-p-e-s\/\" aria-label=\"More on C.I.P.E.S.\">[+]<\/a><\/p>\n","protected":false},"author":70,"featured_media":0,"parent":0,"menu_order":0,"comment_status":"closed","ping_status":"closed","template":"","meta":[],"acf":[],"_links":{"self":[{"href":"https:\/\/isfd50-bue.infd.edu.ar\/sitio\/wp-json\/wp\/v2\/pages\/974"}],"collection":[{"href":"https:\/\/isfd50-bue.infd.edu.ar\/sitio\/wp-json\/wp\/v2\/pages"}],"about":[{"href":"https:\/\/isfd50-bue.infd.edu.ar\/sitio\/wp-json\/wp\/v2\/types\/page"}],"author":[{"embeddable":true,"href":"https:\/\/isfd50-bue.infd.edu.ar\/sitio\/wp-json\/wp\/v2\/users\/70"}],"replies":[{"embeddable":true,"href":"https:\/\/isfd50-bue.infd.edu.ar\/sitio\/wp-json\/wp\/v2\/comments?post=974"}],"version-history":[{"count":1,"href":"https:\/\/isfd50-bue.infd.edu.ar\/sitio\/wp-json\/wp\/v2\/pages\/974\/revisions"}],"predecessor-version":[{"id":1781,"href":"https:\/\/isfd50-bue.infd.edu.ar\/sitio\/wp-json\/wp\/v2\/pages\/974\/revisions\/1781"}],"wp:attachment":[{"href":"https:\/\/isfd50-bue.infd.edu.ar\/sitio\/wp-json\/wp\/v2\/media?parent=974"}],"curies":[{"name":"wp","href":"https:\/\/api.w.org\/{rel}","templated":true}]}}